{"id":71,"date":"2025-12-25T16:34:31","date_gmt":"2025-12-25T15:34:31","guid":{"rendered":"https:\/\/sklepkurs.piotruberman.pl\/?post_type=product&#038;p=71"},"modified":"2025-12-25T16:36:44","modified_gmt":"2025-12-25T15:36:44","slug":"spodnie-meskie-dstreet","status":"publish","type":"product","link":"https:\/\/sklepkurs.piotruberman.pl\/?product=spodnie-meskie-dstreet","title":{"rendered":"Spodnie m\u0119skie Dstreet"},"content":{"rendered":"<p>Wzboga\u0107 swoj\u0105 garderob\u0119 o stylowe i funkcjonalne spodnie dresowe. Wykonane z mi\u0119kkiego materia\u0142u s\u0105 idealnym wyborem na ka\u017cd\u0105 okazj\u0119 \u2013 od trening\u00f3w po leniwe popo\u0142udnia. Regulowany sznurkiem pas oraz \u015bci\u0105gacze przy nogawkach zapewniaj\u0105 wygodne i stabilne dopasowanie, kt\u00f3re pod\u0105\u017ca za Twoim ruchem. Dwie przednie kieszenie oraz jedna z ty\u0142u to praktyczny dodatek, kt\u00f3ry pozwala mie\u0107 najwa\u017cniejsze rzeczy zawsze pod r\u0119k\u0105. Po\u0142\u0105cz komfort z modnym designem i ciesz si\u0119 pe\u0142n\u0105 swobod\u0105.<\/p>\n<ul>\n<li>M\u0119skie spodnie dresowe typu jogger.<\/li>\n<li>Wykonane z mi\u0119kkiego, przyjemnego w dotyku materia\u0142u.<\/li>\n<li>Pas i nogawki wyko\u0144czone \u015bci\u0105gaczem.<\/li>\n<li>\u015aci\u0105gacz w pasie dodatkowo regulowany sznurkiem.<\/li>\n<li>Dwie kieszenie z przodu.<\/li>\n<li>Jedna kiesze\u0144 z ty\u0142u.<\/li>\n<li>Sk\u0142ad: 65% bawe\u0142na, 35% poliester.<\/li>\n<\/ul>\n","protected":false},"excerpt":{"rendered":"<p>Stylowe i funkcjonalne spodnie dresowe.<\/p>\n","protected":false},"featured_media":72,"comment_status":"open","ping_status":"closed","template":"","meta":{"site-sidebar-layout":"default","site-content-layout":"","ast-site-content-layout":"default","site-content-style":"default","site-sidebar-style":"default","ast-global-header-display":"","ast-banner-title-visibility":"","ast-main-header-display":"","ast-hfb-above-header-display":"","ast-hfb-below-header-display":"","ast-hfb-mobile-header-display":"","site-post-title":"","ast-breadcrumbs-content":"","ast-featured-img":"","footer-sml-layout":"","ast-disable-related-posts":"","theme-transparent-header-meta":"default","adv-header-id-meta":"","stick-header-meta":"","header-above-stick-meta":"","header-main-stick-meta":"","header-below-stick-meta":"","astra-migrate-meta-layouts":"set","ast-page-background-enabled":"default","ast-page-background-meta":{"desktop":{"background-color":"var(--ast-global-color-5)","background-image":"","background-repeat":"repeat","background-position":"center center","background-size":"auto","background-attachment":"scroll","background-type":"","background-media":"","overlay-type":"","overlay-color":"","overlay-opacity":"","overlay-gradient":""},"tablet":{"background-color":"","background-image":"","background-repeat":"repeat","background-position":"center center","background-size":"auto","background-attachment":"scroll","background-type":"","background-media":"","overlay-type":"","overlay-color":"","overlay-opacity":"","overlay-gradient":""},"mobile":{"background-color":"","background-image":"","background-repeat":"repeat","background-position":"center center","background-size":"auto","background-attachment":"scroll","background-type":"","background-media":"","overlay-type":"","overlay-color":"","overlay-opacity":"","overlay-gradient":""}},"ast-content-background-meta":{"desktop":{"background-color":"var(--ast-global-color-4)","background-image":"","background-repeat":"repeat","background-position":"center center","background-size":"auto","background-attachment":"scroll","background-type":"","background-media":"","overlay-type":"","overlay-color":"","overlay-opacity":"","overlay-gradient":""},"tablet":{"background-color":"var(--ast-global-color-4)","background-image":"","background-repeat":"repeat","background-position":"center center","background-size":"auto","background-attachment":"scroll","background-type":"","background-media":"","overlay-type":"","overlay-color":"","overlay-opacity":"","overlay-gradient":""},"mobile":{"background-color":"var(--ast-global-color-4)","background-image":"","background-repeat":"repeat","background-position":"center center","background-size":"auto","background-attachment":"scroll","background-type":"","background-media":"","overlay-type":"","overlay-color":"","overlay-opacity":"","overlay-gradient":""}}},"product_brand":[],"product_cat":[17,20],"product_tag":[],"class_list":{"0":"post-71","1":"product","2":"type-product","3":"status-publish","4":"has-post-thumbnail","6":"product_cat-odziez-meska","7":"product_cat-spodnie","8":"desktop-align-left","9":"tablet-align-left","10":"mobile-align-left","12":"first","13":"instock","14":"sale","15":"taxable","16":"shipping-taxable","17":"purchasable","18":"product-type-variable","19":"wvs-archive-product-wrapper"},"_links":{"self":[{"href":"https:\/\/sklepkurs.piotruberman.pl\/index.php?rest_route=\/wp\/v2\/product\/71","targetHints":{"allow":["GET"]}}],"collection":[{"href":"https:\/\/sklepkurs.piotruberman.pl\/index.php?rest_route=\/wp\/v2\/product"}],"about":[{"href":"https:\/\/sklepkurs.piotruberman.pl\/index.php?rest_route=\/wp\/v2\/types\/product"}],"replies":[{"embeddable":true,"href":"https:\/\/sklepkurs.piotruberman.pl\/index.php?rest_route=%2Fwp%2Fv2%2Fcomments&post=71"}],"wp:featuredmedia":[{"embeddable":true,"href":"https:\/\/sklepkurs.piotruberman.pl\/index.php?rest_route=\/wp\/v2\/media\/72"}],"wp:attachment":[{"href":"https:\/\/sklepkurs.piotruberman.pl\/index.php?rest_route=%2Fwp%2Fv2%2Fmedia&parent=71"}],"wp:term":[{"taxonomy":"product_brand","embeddable":true,"href":"https:\/\/sklepkurs.piotruberman.pl\/index.php?rest_route=%2Fwp%2Fv2%2Fproduct_brand&post=71"},{"taxonomy":"product_cat","embeddable":true,"href":"https:\/\/sklepkurs.piotruberman.pl\/index.php?rest_route=%2Fwp%2Fv2%2Fproduct_cat&post=71"},{"taxonomy":"product_tag","embeddable":true,"href":"https:\/\/sklepkurs.piotruberman.pl\/index.php?rest_route=%2Fwp%2Fv2%2Fproduct_tag&post=71"}],"curies":[{"name":"wp","href":"https:\/\/api.w.org\/{rel}","templated":true}]}}