{"id":135,"date":"2025-12-27T15:01:24","date_gmt":"2025-12-27T14:01:24","guid":{"rendered":"https:\/\/sklepkurs.piotruberman.pl\/?post_type=product&#038;p=135"},"modified":"2025-12-28T11:07:34","modified_gmt":"2025-12-28T10:07:34","slug":"kolczyki-srebrne-hikar-dstreet","status":"publish","type":"product","link":"https:\/\/sklepkurs.piotruberman.pl\/?product=kolczyki-srebrne-hikar-dstreet","title":{"rendered":"Kolczyki srebrne HIKAR Dstreet"},"content":{"rendered":"<div>\n<p>Wisz\u0105ce kolczyki w srebrnym kolorze, w kszta\u0142cie serca to propozycja, kt\u00f3ra nada szyku ka\u017cdemu lookowi. Ten model zapinany jest na wygodne zapi\u0119cie typu sztyft.<\/p>\n<\/div>\n<div>\n<p>Parametry:<\/p>\n<ul>\n<li>Kolor: Z\u0142oty.<\/li>\n<li>Materia\u0142: Stal chirurgiczna.<\/li>\n<\/ul>\n<\/div>\n","protected":false},"excerpt":{"rendered":"<p>Wisz\u0105ce kolczyki w srebrnym kolorze<\/p>\n","protected":false},"featured_media":132,"comment_status":"open","ping_status":"closed","template":"","meta":{"site-sidebar-layout":"default","site-content-layout":"","ast-site-content-layout":"default","site-content-style":"default","site-sidebar-style":"default","ast-global-header-display":"","ast-banner-title-visibility":"","ast-main-header-display":"","ast-hfb-above-header-display":"","ast-hfb-below-header-display":"","ast-hfb-mobile-header-display":"","site-post-title":"","ast-breadcrumbs-content":"","ast-featured-img":"","footer-sml-layout":"","ast-disable-related-posts":"","theme-transparent-header-meta":"default","adv-header-id-meta":"","stick-header-meta":"","header-above-stick-meta":"","header-main-stick-meta":"","header-below-stick-meta":"","astra-migrate-meta-layouts":"set","ast-page-background-enabled":"default","ast-page-background-meta":{"desktop":{"background-color":"var(--ast-global-color-5)","background-image":"","background-repeat":"repeat","background-position":"center center","background-size":"auto","background-attachment":"scroll","background-type":"","background-media":"","overlay-type":"","overlay-color":"","overlay-opacity":"","overlay-gradient":""},"tablet":{"background-color":"","background-image":"","background-repeat":"repeat","background-position":"center center","background-size":"auto","background-attachment":"scroll","background-type":"","background-media":"","overlay-type":"","overlay-color":"","overlay-opacity":"","overlay-gradient":""},"mobile":{"background-color":"","background-image":"","background-repeat":"repeat","background-position":"center center","background-size":"auto","background-attachment":"scroll","background-type":"","background-media":"","overlay-type":"","overlay-color":"","overlay-opacity":"","overlay-gradient":""}},"ast-content-background-meta":{"desktop":{"background-color":"var(--ast-global-color-4)","background-image":"","background-repeat":"repeat","background-position":"center center","background-size":"auto","background-attachment":"scroll","background-type":"","background-media":"","overlay-type":"","overlay-color":"","overlay-opacity":"","overlay-gradient":""},"tablet":{"background-color":"var(--ast-global-color-4)","background-image":"","background-repeat":"repeat","background-position":"center center","background-size":"auto","background-attachment":"scroll","background-type":"","background-media":"","overlay-type":"","overlay-color":"","overlay-opacity":"","overlay-gradient":""},"mobile":{"background-color":"var(--ast-global-color-4)","background-image":"","background-repeat":"repeat","background-position":"center center","background-size":"auto","background-attachment":"scroll","background-type":"","background-media":"","overlay-type":"","overlay-color":"","overlay-opacity":"","overlay-gradient":""}}},"product_brand":[],"product_cat":[22,16],"product_tag":[],"class_list":{"0":"post-135","1":"product","2":"type-product","3":"status-publish","4":"has-post-thumbnail","6":"product_cat-akcesoria","7":"product_cat-odziez-damska","8":"desktop-align-left","9":"tablet-align-left","10":"mobile-align-left","12":"first","13":"instock","14":"taxable","15":"shipping-taxable","16":"purchasable","17":"product-type-simple"},"_links":{"self":[{"href":"https:\/\/sklepkurs.piotruberman.pl\/index.php?rest_route=\/wp\/v2\/product\/135","targetHints":{"allow":["GET"]}}],"collection":[{"href":"https:\/\/sklepkurs.piotruberman.pl\/index.php?rest_route=\/wp\/v2\/product"}],"about":[{"href":"https:\/\/sklepkurs.piotruberman.pl\/index.php?rest_route=\/wp\/v2\/types\/product"}],"replies":[{"embeddable":true,"href":"https:\/\/sklepkurs.piotruberman.pl\/index.php?rest_route=%2Fwp%2Fv2%2Fcomments&post=135"}],"wp:featuredmedia":[{"embeddable":true,"href":"https:\/\/sklepkurs.piotruberman.pl\/index.php?rest_route=\/wp\/v2\/media\/132"}],"wp:attachment":[{"href":"https:\/\/sklepkurs.piotruberman.pl\/index.php?rest_route=%2Fwp%2Fv2%2Fmedia&parent=135"}],"wp:term":[{"taxonomy":"product_brand","embeddable":true,"href":"https:\/\/sklepkurs.piotruberman.pl\/index.php?rest_route=%2Fwp%2Fv2%2Fproduct_brand&post=135"},{"taxonomy":"product_cat","embeddable":true,"href":"https:\/\/sklepkurs.piotruberman.pl\/index.php?rest_route=%2Fwp%2Fv2%2Fproduct_cat&post=135"},{"taxonomy":"product_tag","embeddable":true,"href":"https:\/\/sklepkurs.piotruberman.pl\/index.php?rest_route=%2Fwp%2Fv2%2Fproduct_tag&post=135"}],"curies":[{"name":"wp","href":"https:\/\/api.w.org\/{rel}","templated":true}]}}