{"id":123,"date":"2025-12-27T14:56:30","date_gmt":"2025-12-27T13:56:30","guid":{"rendered":"https:\/\/sklepkurs.piotruberman.pl\/?post_type=product&#038;p=123"},"modified":"2025-12-27T14:58:39","modified_gmt":"2025-12-27T13:58:39","slug":"spodnie-meskie-materialowe","status":"publish","type":"product","link":"https:\/\/sklepkurs.piotruberman.pl\/?product=spodnie-meskie-materialowe","title":{"rendered":"Spodnie m\u0119skie materia\u0142owe"},"content":{"rendered":"<p>Odkryj wygod\u0119 i styl w naszych m\u0119skich spodniach casualowych. Wykonane z wysokiej jako\u015bci materia\u0142u, zapewniaj\u0105 komfort noszenia przez ca\u0142y dzie\u0144. Elastyczny pas ze sznurkiem gwarantuje idealne dopasowanie, a dwie kieszenie z przodu i z ty\u0142u dodaj\u0105 praktyczno\u015bci. \u015awietnie sprawdz\u0105 si\u0119 zar\u00f3wno na co dzie\u0144, jak i na bardziej formalne okazje. Dodaj te spodnie do swojej garderoby i ciesz si\u0119 niepowtarzalnym stylem i wygod\u0105. Sprawd\u017a ju\u017c teraz!<\/p>\n<ul>\n<li>M\u0119skie spodnie materia\u0142owe.<\/li>\n<li>Wykonane z przyjemnego w dotyku materia\u0142u.<\/li>\n<li>Elastyczny pas ze sznurkiem.<\/li>\n<li>Dwie sko\u015bne kieszenie z przodu.<\/li>\n<li>Dwie wpuszczane kieszenie z ty\u0142u.<\/li>\n<li>Komfortowy kr\u00f3j.<\/li>\n<li>Idealne na co dzie\u0144<\/li>\n<li>Kolor: be\u017cowy.<\/li>\n<li>Sk\u0142ad: 70% wiskoza, 27% poliester, 3% lycra.<\/li>\n<\/ul>\n","protected":false},"excerpt":{"rendered":"<p>Odkryj wygod\u0119 i styl w naszych m\u0119skich spodniach casualowych.<\/p>\n","protected":false},"featured_media":124,"comment_status":"open","ping_status":"closed","template":"","meta":{"site-sidebar-layout":"default","site-content-layout":"","ast-site-content-layout":"default","site-content-style":"default","site-sidebar-style":"default","ast-global-header-display":"","ast-banner-title-visibility":"","ast-main-header-display":"","ast-hfb-above-header-display":"","ast-hfb-below-header-display":"","ast-hfb-mobile-header-display":"","site-post-title":"","ast-breadcrumbs-content":"","ast-featured-img":"","footer-sml-layout":"","ast-disable-related-posts":"","theme-transparent-header-meta":"default","adv-header-id-meta":"","stick-header-meta":"","header-above-stick-meta":"","header-main-stick-meta":"","header-below-stick-meta":"","astra-migrate-meta-layouts":"set","ast-page-background-enabled":"default","ast-page-background-meta":{"desktop":{"background-color":"var(--ast-global-color-5)","background-image":"","background-repeat":"repeat","background-position":"center center","background-size":"auto","background-attachment":"scroll","background-type":"","background-media":"","overlay-type":"","overlay-color":"","overlay-opacity":"","overlay-gradient":""},"tablet":{"background-color":"","background-image":"","background-repeat":"repeat","background-position":"center center","background-size":"auto","background-attachment":"scroll","background-type":"","background-media":"","overlay-type":"","overlay-color":"","overlay-opacity":"","overlay-gradient":""},"mobile":{"background-color":"","background-image":"","background-repeat":"repeat","background-position":"center center","background-size":"auto","background-attachment":"scroll","background-type":"","background-media":"","overlay-type":"","overlay-color":"","overlay-opacity":"","overlay-gradient":""}},"ast-content-background-meta":{"desktop":{"background-color":"var(--ast-global-color-4)","background-image":"","background-repeat":"repeat","background-position":"center center","background-size":"auto","background-attachment":"scroll","background-type":"","background-media":"","overlay-type":"","overlay-color":"","overlay-opacity":"","overlay-gradient":""},"tablet":{"background-color":"var(--ast-global-color-4)","background-image":"","background-repeat":"repeat","background-position":"center center","background-size":"auto","background-attachment":"scroll","background-type":"","background-media":"","overlay-type":"","overlay-color":"","overlay-opacity":"","overlay-gradient":""},"mobile":{"background-color":"var(--ast-global-color-4)","background-image":"","background-repeat":"repeat","background-position":"center center","background-size":"auto","background-attachment":"scroll","background-type":"","background-media":"","overlay-type":"","overlay-color":"","overlay-opacity":"","overlay-gradient":""}}},"product_brand":[],"product_cat":[17,20],"product_tag":[],"class_list":{"0":"post-123","1":"product","2":"type-product","3":"status-publish","4":"has-post-thumbnail","6":"product_cat-odziez-meska","7":"product_cat-spodnie","8":"desktop-align-left","9":"tablet-align-left","10":"mobile-align-left","12":"first","13":"instock","14":"taxable","15":"shipping-taxable","16":"purchasable","17":"product-type-variable","18":"wvs-archive-product-wrapper"},"_links":{"self":[{"href":"https:\/\/sklepkurs.piotruberman.pl\/index.php?rest_route=\/wp\/v2\/product\/123","targetHints":{"allow":["GET"]}}],"collection":[{"href":"https:\/\/sklepkurs.piotruberman.pl\/index.php?rest_route=\/wp\/v2\/product"}],"about":[{"href":"https:\/\/sklepkurs.piotruberman.pl\/index.php?rest_route=\/wp\/v2\/types\/product"}],"replies":[{"embeddable":true,"href":"https:\/\/sklepkurs.piotruberman.pl\/index.php?rest_route=%2Fwp%2Fv2%2Fcomments&post=123"}],"wp:featuredmedia":[{"embeddable":true,"href":"https:\/\/sklepkurs.piotruberman.pl\/index.php?rest_route=\/wp\/v2\/media\/124"}],"wp:attachment":[{"href":"https:\/\/sklepkurs.piotruberman.pl\/index.php?rest_route=%2Fwp%2Fv2%2Fmedia&parent=123"}],"wp:term":[{"taxonomy":"product_brand","embeddable":true,"href":"https:\/\/sklepkurs.piotruberman.pl\/index.php?rest_route=%2Fwp%2Fv2%2Fproduct_brand&post=123"},{"taxonomy":"product_cat","embeddable":true,"href":"https:\/\/sklepkurs.piotruberman.pl\/index.php?rest_route=%2Fwp%2Fv2%2Fproduct_cat&post=123"},{"taxonomy":"product_tag","embeddable":true,"href":"https:\/\/sklepkurs.piotruberman.pl\/index.php?rest_route=%2Fwp%2Fv2%2Fproduct_tag&post=123"}],"curies":[{"name":"wp","href":"https:\/\/api.w.org\/{rel}","templated":true}]}}